{"id":1285,"date":"2025-12-15T12:39:48","date_gmt":"2025-12-15T12:39:48","guid":{"rendered":"https:\/\/playlottoglobal.com\/spelet-tiessaiste\/la-primitiva\/"},"modified":"2025-12-15T12:39:48","modified_gmt":"2025-12-15T12:39:48","slug":"la-primitiva","status":"publish","type":"page","link":"https:\/\/playlottoglobal.com\/lv\/spelet-tiessaiste\/la-primitiva\/","title":{"rendered":"Sp\u0113l\u0113jiet La Primitiva"},"content":{"rendered":"","protected":false},"excerpt":{"rendered":"","protected":false},"author":3,"featured_media":0,"parent":623,"menu_order":8,"comment_status":"closed","ping_status":"closed","template":"la-primitiva.php","meta":{"_et_pb_use_builder":"","_et_pb_old_content":"","_et_gb_content_width":"","exclude_from_search":false,"footnotes":""},"class_list":["post-1285","page","type-page","status-publish","hentry"],"yoast_head":"<!-- This site is optimized with the Yoast SEO plugin v26.6 - https:\/\/yoast.com\/wordpress\/plugins\/seo\/ -->\n<title>Sp\u0113l\u0113jiet La Primitiva - Play Lotto Global<\/title>\n<meta name=\"robots\" content=\"index, follow, max-snippet:-1, max-image-preview:large, max-video-preview:-1\" \/>\n<link rel=\"canonical\" href=\"https:\/\/playlottoglobal.com\/lv\/spelet-tiessaiste\/la-primitiva\/\" \/>\n<meta property=\"og:locale\" content=\"lv_LV\" \/>\n<meta property=\"og:type\" content=\"article\" \/>\n<meta property=\"og:title\" content=\"Sp\u0113l\u0113jiet La Primitiva - Play Lotto Global\" \/>\n<meta property=\"og:url\" content=\"https:\/\/playlottoglobal.com\/lv\/spelet-tiessaiste\/la-primitiva\/\" \/>\n<meta property=\"og:site_name\" content=\"Play Lotto Global\" \/>\n<meta name=\"twitter:card\" content=\"summary_large_image\" \/>\n<script type=\"application\/ld+json\" class=\"yoast-schema-graph\">{\"@context\":\"https:\/\/schema.org\",\"@graph\":[{\"@type\":\"WebPage\",\"@id\":\"https:\/\/playlottoglobal.com\/lv\/spelet-tiessaiste\/la-primitiva\/\",\"url\":\"https:\/\/playlottoglobal.com\/lv\/spelet-tiessaiste\/la-primitiva\/\",\"name\":\"Sp\u0113l\u0113jiet La Primitiva - Play Lotto Global\",\"isPartOf\":{\"@id\":\"https:\/\/playlottoglobal.com\/lv\/#website\"},\"datePublished\":\"2025-12-15T12:39:48+00:00\",\"breadcrumb\":{\"@id\":\"https:\/\/playlottoglobal.com\/lv\/spelet-tiessaiste\/la-primitiva\/#breadcrumb\"},\"inLanguage\":\"lv-LV\",\"potentialAction\":[{\"@type\":\"ReadAction\",\"target\":[\"https:\/\/playlottoglobal.com\/lv\/spelet-tiessaiste\/la-primitiva\/\"]}]},{\"@type\":\"BreadcrumbList\",\"@id\":\"https:\/\/playlottoglobal.com\/lv\/spelet-tiessaiste\/la-primitiva\/#breadcrumb\",\"itemListElement\":[{\"@type\":\"ListItem\",\"position\":1,\"name\":\"Home\",\"item\":\"https:\/\/playlottoglobal.com\/lv\/\"},{\"@type\":\"ListItem\",\"position\":2,\"name\":\"K\u0101 sp\u0113l\u0113t\",\"item\":\"https:\/\/playlottoglobal.com\/lv\/spelet-tiessaiste\/\"},{\"@type\":\"ListItem\",\"position\":3,\"name\":\"Sp\u0113l\u0113jiet La Primitiva\"}]},{\"@type\":\"WebSite\",\"@id\":\"https:\/\/playlottoglobal.com\/lv\/#website\",\"url\":\"https:\/\/playlottoglobal.com\/lv\/\",\"name\":\"Play Lotto Global\",\"description\":\"\",\"potentialAction\":[{\"@type\":\"SearchAction\",\"target\":{\"@type\":\"EntryPoint\",\"urlTemplate\":\"https:\/\/playlottoglobal.com\/lv\/?s={search_term_string}\"},\"query-input\":{\"@type\":\"PropertyValueSpecification\",\"valueRequired\":true,\"valueName\":\"search_term_string\"}}],\"inLanguage\":\"lv-LV\"}]}<\/script>\n<!-- \/ Yoast SEO plugin. -->","yoast_head_json":{"title":"Sp\u0113l\u0113jiet La Primitiva - Play Lotto Global","robots":{"index":"index","follow":"follow","max-snippet":"max-snippet:-1","max-image-preview":"max-image-preview:large","max-video-preview":"max-video-preview:-1"},"canonical":"https:\/\/playlottoglobal.com\/lv\/spelet-tiessaiste\/la-primitiva\/","og_locale":"lv_LV","og_type":"article","og_title":"Sp\u0113l\u0113jiet La Primitiva - Play Lotto Global","og_url":"https:\/\/playlottoglobal.com\/lv\/spelet-tiessaiste\/la-primitiva\/","og_site_name":"Play Lotto Global","twitter_card":"summary_large_image","schema":{"@context":"https:\/\/schema.org","@graph":[{"@type":"WebPage","@id":"https:\/\/playlottoglobal.com\/lv\/spelet-tiessaiste\/la-primitiva\/","url":"https:\/\/playlottoglobal.com\/lv\/spelet-tiessaiste\/la-primitiva\/","name":"Sp\u0113l\u0113jiet La Primitiva - Play Lotto Global","isPartOf":{"@id":"https:\/\/playlottoglobal.com\/lv\/#website"},"datePublished":"2025-12-15T12:39:48+00:00","breadcrumb":{"@id":"https:\/\/playlottoglobal.com\/lv\/spelet-tiessaiste\/la-primitiva\/#breadcrumb"},"inLanguage":"lv-LV","potentialAction":[{"@type":"ReadAction","target":["https:\/\/playlottoglobal.com\/lv\/spelet-tiessaiste\/la-primitiva\/"]}]},{"@type":"BreadcrumbList","@id":"https:\/\/playlottoglobal.com\/lv\/spelet-tiessaiste\/la-primitiva\/#breadcrumb","itemListElement":[{"@type":"ListItem","position":1,"name":"Home","item":"https:\/\/playlottoglobal.com\/lv\/"},{"@type":"ListItem","position":2,"name":"K\u0101 sp\u0113l\u0113t","item":"https:\/\/playlottoglobal.com\/lv\/spelet-tiessaiste\/"},{"@type":"ListItem","position":3,"name":"Sp\u0113l\u0113jiet La Primitiva"}]},{"@type":"WebSite","@id":"https:\/\/playlottoglobal.com\/lv\/#website","url":"https:\/\/playlottoglobal.com\/lv\/","name":"Play Lotto Global","description":"","potentialAction":[{"@type":"SearchAction","target":{"@type":"EntryPoint","urlTemplate":"https:\/\/playlottoglobal.com\/lv\/?s={search_term_string}"},"query-input":{"@type":"PropertyValueSpecification","valueRequired":true,"valueName":"search_term_string"}}],"inLanguage":"lv-LV"}]}},"_links":{"self":[{"href":"https:\/\/playlottoglobal.com\/lv\/wp-json\/wp\/v2\/pages\/1285","targetHints":{"allow":["GET"]}}],"collection":[{"href":"https:\/\/playlottoglobal.com\/lv\/wp-json\/wp\/v2\/pages"}],"about":[{"href":"https:\/\/playlottoglobal.com\/lv\/wp-json\/wp\/v2\/types\/page"}],"author":[{"embeddable":true,"href":"https:\/\/playlottoglobal.com\/lv\/wp-json\/wp\/v2\/users\/3"}],"replies":[{"embeddable":true,"href":"https:\/\/playlottoglobal.com\/lv\/wp-json\/wp\/v2\/comments?post=1285"}],"version-history":[{"count":0,"href":"https:\/\/playlottoglobal.com\/lv\/wp-json\/wp\/v2\/pages\/1285\/revisions"}],"up":[{"embeddable":true,"href":"https:\/\/playlottoglobal.com\/lv\/wp-json\/wp\/v2\/pages\/623"}],"wp:attachment":[{"href":"https:\/\/playlottoglobal.com\/lv\/wp-json\/wp\/v2\/media?parent=1285"}],"curies":[{"name":"wp","href":"https:\/\/api.w.org\/{rel}","templated":true}]}}